{"id":6,"date":"2023-01-30T08:17:31","date_gmt":"2023-01-30T08:17:31","guid":{"rendered":"https:\/\/malekosten.no\/?page_id=6"},"modified":"2023-07-12T16:55:37","modified_gmt":"2023-07-12T15:55:37","slug":"elementor-6","status":"publish","type":"page","link":"https:\/\/malekosten.no\/","title":{"rendered":"Hjem"},"content":{"rendered":"\t\t<div data-elementor-type=\"wp-post\" data-elementor-id=\"6\" class=\"elementor elementor-6\" data-elementor-post-type=\"page\">\n\t\t\t\t<div class=\"elementor-element elementor-element-735f1e01 e-con-full e-flex e-con e-parent\" data-id=\"735f1e01\" data-element_type=\"container\" data-e-type=\"container\" id=\"hjem\" data-settings=\"{&quot;background_background&quot;:&quot;classic&quot;}\">\n\t\t\t\t<div class=\"elementor-element elementor-element-2f1ac3a0 elementor-widget__width-initial elementor-widget-mobile__width-inherit elementor-widget elementor-widget-text-editor\" data-id=\"2f1ac3a0\" data-element_type=\"widget\" data-e-type=\"widget\" data-widget_type=\"text-editor.default\">\n\t\t\t\t<div class=\"elementor-widget-container\">\n\t\t\t\t\t\t\t\t\t<h1><span style=\"color: #33cccc;\">Helgerud Maleservice hjelper deg med malejobben<\/span><\/h1>\t\t\t\t\t\t\t\t<\/div>\n\t\t\t\t<\/div>\n\t\t\t\t<\/div>\n\t\t<div class=\"elementor-element elementor-element-036abfa e-flex e-con-boxed e-con e-parent\" data-id=\"036abfa\" data-element_type=\"container\" data-e-type=\"container\" id=\"referanser\">\n\t\t\t\t\t<div class=\"e-con-inner\">\n\t\t\t\t<div class=\"elementor-element elementor-element-409cd18 elementor-grid-2 elementor-grid-tablet-2 elementor-grid-mobile-1 elementor-posts--thumbnail-top elementor-widget elementor-widget-posts\" data-id=\"409cd18\" data-element_type=\"widget\" data-e-type=\"widget\" data-settings=\"{&quot;classic_columns&quot;:&quot;2&quot;,&quot;classic_columns_tablet&quot;:&quot;2&quot;,&quot;classic_columns_mobile&quot;:&quot;1&quot;,&quot;classic_row_gap&quot;:{&quot;unit&quot;:&quot;px&quot;,&quot;size&quot;:35,&quot;sizes&quot;:[]},&quot;classic_row_gap_tablet&quot;:{&quot;unit&quot;:&quot;px&quot;,&quot;size&quot;:&quot;&quot;,&quot;sizes&quot;:[]},&quot;classic_row_gap_mobile&quot;:{&quot;unit&quot;:&quot;px&quot;,&quot;size&quot;:&quot;&quot;,&quot;sizes&quot;:[]}}\" data-widget_type=\"posts.classic\">\n\t\t\t\t<div class=\"elementor-widget-container\">\n\t\t\t\t\t\t\t<div class=\"elementor-posts-container elementor-posts elementor-posts--skin-classic elementor-grid\" role=\"list\">\n\t\t\t\t<article class=\"elementor-post elementor-grid-item post-129 post type-post status-publish format-standard has-post-thumbnail hentry category-referanser\" role=\"listitem\">\n\t\t\t\t<a class=\"elementor-post__thumbnail__link\" href=\"https:\/\/malekosten.no\/index.php\/2023\/02\/06\/bilde-4\/\" tabindex=\"-1\" >\n\t\t\t<div class=\"elementor-post__thumbnail\"><img fetchpriority=\"high\" decoding=\"async\" width=\"576\" height=\"1024\" src=\"https:\/\/malekosten.no\/wp-content\/uploads\/2023\/02\/received_1129328967736334-576x1024.jpeg\" class=\"attachment-large size-large wp-image-122\" alt=\"\" srcset=\"https:\/\/malekosten.no\/wp-content\/uploads\/2023\/02\/received_1129328967736334-576x1024.jpeg 576w, https:\/\/malekosten.no\/wp-content\/uploads\/2023\/02\/received_1129328967736334-169x300.jpeg 169w, https:\/\/malekosten.no\/wp-content\/uploads\/2023\/02\/received_1129328967736334.jpeg 750w\" sizes=\"(max-width: 576px) 100vw, 576px\" \/><\/div>\n\t\t<\/a>\n\t\t\t\t<div class=\"elementor-post__text\">\n\t\t\t\t<h3 class=\"elementor-post__title\">\n\t\t\t<a href=\"https:\/\/malekosten.no\/index.php\/2023\/02\/06\/bilde-4\/\" >\n\t\t\t\tAdresse 4\t\t\t<\/a>\n\t\t<\/h3>\n\t\t\t\t<div class=\"elementor-post__meta-data\">\n\t\t\t\t\t<span class=\"elementor-post-date\">\n\t\t\t6. februar 2023\t\t<\/span>\n\t\t\t\t<\/div>\n\t\t\t\t<div class=\"elementor-post__excerpt\">\n\t\t\t<p>En jobb vi utf\u00f8rte i gate, Drammen<\/p>\n\t\t<\/div>\n\t\t\n\t\t<a class=\"elementor-post__read-more\" href=\"https:\/\/malekosten.no\/index.php\/2023\/02\/06\/bilde-4\/\" aria-label=\"Read more about Adresse 4\" tabindex=\"-1\" >\n\t\t\tLes mer \u00bb\t\t<\/a>\n\n\t\t\t\t<\/div>\n\t\t\t\t<\/article>\n\t\t\t\t<article class=\"elementor-post elementor-grid-item post-127 post type-post status-publish format-standard has-post-thumbnail hentry category-referanser\" role=\"listitem\">\n\t\t\t\t<a class=\"elementor-post__thumbnail__link\" href=\"https:\/\/malekosten.no\/index.php\/2023\/02\/06\/bilde-3\/\" tabindex=\"-1\" >\n\t\t\t<div class=\"elementor-post__thumbnail\"><img decoding=\"async\" width=\"576\" height=\"1024\" src=\"https:\/\/malekosten.no\/wp-content\/uploads\/2023\/02\/received_1496788994145635-576x1024.jpeg\" class=\"attachment-large size-large wp-image-120\" alt=\"\" srcset=\"https:\/\/malekosten.no\/wp-content\/uploads\/2023\/02\/received_1496788994145635-576x1024.jpeg 576w, https:\/\/malekosten.no\/wp-content\/uploads\/2023\/02\/received_1496788994145635-169x300.jpeg 169w, https:\/\/malekosten.no\/wp-content\/uploads\/2023\/02\/received_1496788994145635.jpeg 750w\" sizes=\"(max-width: 576px) 100vw, 576px\" \/><\/div>\n\t\t<\/a>\n\t\t\t\t<div class=\"elementor-post__text\">\n\t\t\t\t<h3 class=\"elementor-post__title\">\n\t\t\t<a href=\"https:\/\/malekosten.no\/index.php\/2023\/02\/06\/bilde-3\/\" >\n\t\t\t\tBilde 3\t\t\t<\/a>\n\t\t<\/h3>\n\t\t\t\t<div class=\"elementor-post__meta-data\">\n\t\t\t\t\t<span class=\"elementor-post-date\">\n\t\t\t6. februar 2023\t\t<\/span>\n\t\t\t\t<\/div>\n\t\t\t\t<div class=\"elementor-post__excerpt\">\n\t\t\t\t\t<\/div>\n\t\t\n\t\t<a class=\"elementor-post__read-more\" href=\"https:\/\/malekosten.no\/index.php\/2023\/02\/06\/bilde-3\/\" aria-label=\"Read more about Bilde 3\" tabindex=\"-1\" >\n\t\t\tLes mer \u00bb\t\t<\/a>\n\n\t\t\t\t<\/div>\n\t\t\t\t<\/article>\n\t\t\t\t<article class=\"elementor-post elementor-grid-item post-125 post type-post status-publish format-standard has-post-thumbnail hentry category-uncategorized\" role=\"listitem\">\n\t\t\t\t<a class=\"elementor-post__thumbnail__link\" href=\"https:\/\/malekosten.no\/index.php\/2023\/02\/06\/bilde-2\/\" tabindex=\"-1\" >\n\t\t\t<div class=\"elementor-post__thumbnail\"><img decoding=\"async\" width=\"576\" height=\"1024\" src=\"https:\/\/malekosten.no\/wp-content\/uploads\/2023\/02\/received_725337835613884-576x1024.jpeg\" class=\"attachment-large size-large wp-image-121\" alt=\"\" srcset=\"https:\/\/malekosten.no\/wp-content\/uploads\/2023\/02\/received_725337835613884-576x1024.jpeg 576w, https:\/\/malekosten.no\/wp-content\/uploads\/2023\/02\/received_725337835613884-169x300.jpeg 169w, https:\/\/malekosten.no\/wp-content\/uploads\/2023\/02\/received_725337835613884.jpeg 750w\" sizes=\"(max-width: 576px) 100vw, 576px\" \/><\/div>\n\t\t<\/a>\n\t\t\t\t<div class=\"elementor-post__text\">\n\t\t\t\t<h3 class=\"elementor-post__title\">\n\t\t\t<a href=\"https:\/\/malekosten.no\/index.php\/2023\/02\/06\/bilde-2\/\" >\n\t\t\t\tBilde 2\t\t\t<\/a>\n\t\t<\/h3>\n\t\t\t\t<div class=\"elementor-post__meta-data\">\n\t\t\t\t\t<span class=\"elementor-post-date\">\n\t\t\t6. februar 2023\t\t<\/span>\n\t\t\t\t<\/div>\n\t\t\t\t<div class=\"elementor-post__excerpt\">\n\t\t\t\t\t<\/div>\n\t\t\n\t\t<a class=\"elementor-post__read-more\" href=\"https:\/\/malekosten.no\/index.php\/2023\/02\/06\/bilde-2\/\" aria-label=\"Read more about Bilde 2\" tabindex=\"-1\" >\n\t\t\tLes mer \u00bb\t\t<\/a>\n\n\t\t\t\t<\/div>\n\t\t\t\t<\/article>\n\t\t\t\t<article class=\"elementor-post elementor-grid-item post-59 post type-post status-publish format-standard has-post-thumbnail hentry category-uncategorized\" role=\"listitem\">\n\t\t\t\t<a class=\"elementor-post__thumbnail__link\" href=\"https:\/\/malekosten.no\/index.php\/2023\/02\/02\/farmen-ovre-9-drammen\/\" tabindex=\"-1\" >\n\t\t\t<div class=\"elementor-post__thumbnail\"><img loading=\"lazy\" decoding=\"async\" width=\"576\" height=\"1024\" src=\"https:\/\/malekosten.no\/wp-content\/uploads\/2023\/02\/received_590126355845131-576x1024.jpeg\" class=\"attachment-large size-large wp-image-119\" alt=\"\" srcset=\"https:\/\/malekosten.no\/wp-content\/uploads\/2023\/02\/received_590126355845131-576x1024.jpeg 576w, https:\/\/malekosten.no\/wp-content\/uploads\/2023\/02\/received_590126355845131-169x300.jpeg 169w, https:\/\/malekosten.no\/wp-content\/uploads\/2023\/02\/received_590126355845131.jpeg 750w\" sizes=\"(max-width: 576px) 100vw, 576px\" \/><\/div>\n\t\t<\/a>\n\t\t\t\t<div class=\"elementor-post__text\">\n\t\t\t\t<h3 class=\"elementor-post__title\">\n\t\t\t<a href=\"https:\/\/malekosten.no\/index.php\/2023\/02\/02\/farmen-ovre-9-drammen\/\" >\n\t\t\t\tBilde 1\t\t\t<\/a>\n\t\t<\/h3>\n\t\t\t\t<div class=\"elementor-post__meta-data\">\n\t\t\t\t\t<span class=\"elementor-post-date\">\n\t\t\t2. februar 2023\t\t<\/span>\n\t\t\t\t<\/div>\n\t\t\t\t<div class=\"elementor-post__excerpt\">\n\t\t\t\t\t<\/div>\n\t\t\n\t\t<a class=\"elementor-post__read-more\" href=\"https:\/\/malekosten.no\/index.php\/2023\/02\/02\/farmen-ovre-9-drammen\/\" aria-label=\"Read more about Bilde 1\" tabindex=\"-1\" >\n\t\t\tLes mer \u00bb\t\t<\/a>\n\n\t\t\t\t<\/div>\n\t\t\t\t<\/article>\n\t\t\t\t<\/div>\n\t\t\n\t\t\t\t\t\t<\/div>\n\t\t\t\t<\/div>\n\t\t\t\t<div class=\"elementor-element elementor-element-ce3e963 elementor-grid-2 elementor-hidden-desktop elementor-hidden-tablet elementor-hidden-mobile elementor-grid-tablet-2 elementor-grid-mobile-1 elementor-invisible elementor-widget elementor-widget-portfolio\" data-id=\"ce3e963\" data-element_type=\"widget\" data-e-type=\"widget\" data-settings=\"{&quot;_animation&quot;:&quot;fadeIn&quot;,&quot;columns&quot;:&quot;2&quot;,&quot;columns_tablet&quot;:&quot;2&quot;,&quot;columns_mobile&quot;:&quot;1&quot;,&quot;item_ratio&quot;:{&quot;unit&quot;:&quot;px&quot;,&quot;size&quot;:0.66000000000000003108624468950438313186168670654296875,&quot;sizes&quot;:[]},&quot;item_gap&quot;:{&quot;unit&quot;:&quot;px&quot;,&quot;size&quot;:&quot;&quot;,&quot;sizes&quot;:[]},&quot;row_gap&quot;:{&quot;unit&quot;:&quot;px&quot;,&quot;size&quot;:&quot;&quot;,&quot;sizes&quot;:[]}}\" data-widget_type=\"portfolio.default\">\n\t\t\t\t<div class=\"elementor-widget-container\">\n\t\t\t\t\t\t\t<div class=\"elementor-portfolio elementor-grid elementor-posts-container\" role=\"list\">\n\t\t\t\t<article class=\"elementor-portfolio-item elementor-post  post-129 post type-post status-publish format-standard has-post-thumbnail hentry category-referanser\" role=\"listitem\">\n\t\t\t<a class=\"elementor-post__thumbnail__link\" href=\"https:\/\/malekosten.no\/index.php\/2023\/02\/06\/bilde-4\/\">\n\t\t\t\t<div class=\"elementor-portfolio-item__img elementor-post__thumbnail\">\n\t\t\t<img loading=\"lazy\" decoding=\"async\" width=\"750\" height=\"1334\" src=\"https:\/\/malekosten.no\/wp-content\/uploads\/2023\/02\/received_1129328967736334.jpeg\" class=\"attachment-medium_large size-medium_large wp-image-122\" alt=\"\" srcset=\"https:\/\/malekosten.no\/wp-content\/uploads\/2023\/02\/received_1129328967736334.jpeg 750w, https:\/\/malekosten.no\/wp-content\/uploads\/2023\/02\/received_1129328967736334-169x300.jpeg 169w, https:\/\/malekosten.no\/wp-content\/uploads\/2023\/02\/received_1129328967736334-576x1024.jpeg 576w\" sizes=\"(max-width: 750px) 100vw, 750px\" \/>\t\t<\/div>\n\t\t\t\t<div class=\"elementor-portfolio-item__overlay\">\n\t\t\t\t<h3 class=\"elementor-portfolio-item__title\">\n\t\tAdresse 4\t\t<\/h3>\n\t\t\t\t<\/div>\n\t\t\t\t<\/a>\n\t\t<\/article>\n\t\t\t\t<article class=\"elementor-portfolio-item elementor-post  post-127 post type-post status-publish format-standard has-post-thumbnail hentry category-referanser\" role=\"listitem\">\n\t\t\t<a class=\"elementor-post__thumbnail__link\" href=\"https:\/\/malekosten.no\/index.php\/2023\/02\/06\/bilde-3\/\">\n\t\t\t\t<div class=\"elementor-portfolio-item__img elementor-post__thumbnail\">\n\t\t\t<img loading=\"lazy\" decoding=\"async\" width=\"750\" height=\"1334\" src=\"https:\/\/malekosten.no\/wp-content\/uploads\/2023\/02\/received_1496788994145635.jpeg\" class=\"attachment-medium_large size-medium_large wp-image-120\" alt=\"\" srcset=\"https:\/\/malekosten.no\/wp-content\/uploads\/2023\/02\/received_1496788994145635.jpeg 750w, https:\/\/malekosten.no\/wp-content\/uploads\/2023\/02\/received_1496788994145635-169x300.jpeg 169w, https:\/\/malekosten.no\/wp-content\/uploads\/2023\/02\/received_1496788994145635-576x1024.jpeg 576w\" sizes=\"(max-width: 750px) 100vw, 750px\" \/>\t\t<\/div>\n\t\t\t\t<div class=\"elementor-portfolio-item__overlay\">\n\t\t\t\t<h3 class=\"elementor-portfolio-item__title\">\n\t\tBilde 3\t\t<\/h3>\n\t\t\t\t<\/div>\n\t\t\t\t<\/a>\n\t\t<\/article>\n\t\t\t\t<article class=\"elementor-portfolio-item elementor-post  post-125 post type-post status-publish format-standard has-post-thumbnail hentry category-uncategorized\" role=\"listitem\">\n\t\t\t<a class=\"elementor-post__thumbnail__link\" href=\"https:\/\/malekosten.no\/index.php\/2023\/02\/06\/bilde-2\/\">\n\t\t\t\t<div class=\"elementor-portfolio-item__img elementor-post__thumbnail\">\n\t\t\t<img loading=\"lazy\" decoding=\"async\" width=\"750\" height=\"1334\" src=\"https:\/\/malekosten.no\/wp-content\/uploads\/2023\/02\/received_725337835613884.jpeg\" class=\"attachment-medium_large size-medium_large wp-image-121\" alt=\"\" srcset=\"https:\/\/malekosten.no\/wp-content\/uploads\/2023\/02\/received_725337835613884.jpeg 750w, https:\/\/malekosten.no\/wp-content\/uploads\/2023\/02\/received_725337835613884-169x300.jpeg 169w, https:\/\/malekosten.no\/wp-content\/uploads\/2023\/02\/received_725337835613884-576x1024.jpeg 576w\" sizes=\"(max-width: 750px) 100vw, 750px\" \/>\t\t<\/div>\n\t\t\t\t<div class=\"elementor-portfolio-item__overlay\">\n\t\t\t\t<h3 class=\"elementor-portfolio-item__title\">\n\t\tBilde 2\t\t<\/h3>\n\t\t\t\t<\/div>\n\t\t\t\t<\/a>\n\t\t<\/article>\n\t\t\t\t<article class=\"elementor-portfolio-item elementor-post  post-59 post type-post status-publish format-standard has-post-thumbnail hentry category-uncategorized\" role=\"listitem\">\n\t\t\t<a class=\"elementor-post__thumbnail__link\" href=\"https:\/\/malekosten.no\/index.php\/2023\/02\/02\/farmen-ovre-9-drammen\/\">\n\t\t\t\t<div class=\"elementor-portfolio-item__img elementor-post__thumbnail\">\n\t\t\t<img loading=\"lazy\" decoding=\"async\" width=\"750\" height=\"1334\" src=\"https:\/\/malekosten.no\/wp-content\/uploads\/2023\/02\/received_590126355845131.jpeg\" class=\"attachment-medium_large size-medium_large wp-image-119\" alt=\"\" srcset=\"https:\/\/malekosten.no\/wp-content\/uploads\/2023\/02\/received_590126355845131.jpeg 750w, https:\/\/malekosten.no\/wp-content\/uploads\/2023\/02\/received_590126355845131-169x300.jpeg 169w, https:\/\/malekosten.no\/wp-content\/uploads\/2023\/02\/received_590126355845131-576x1024.jpeg 576w\" sizes=\"(max-width: 750px) 100vw, 750px\" \/>\t\t<\/div>\n\t\t\t\t<div class=\"elementor-portfolio-item__overlay\">\n\t\t\t\t<h3 class=\"elementor-portfolio-item__title\">\n\t\tBilde 1\t\t<\/h3>\n\t\t\t\t<\/div>\n\t\t\t\t<\/a>\n\t\t<\/article>\n\t\t\t\t<\/div>\n\t\t\t\t\t\t<\/div>\n\t\t\t\t<\/div>\n\t\t\t\t\t<\/div>\n\t\t\t\t<\/div>\n\t\t<div class=\"elementor-element elementor-element-7c60a99 e-flex e-con-boxed e-con e-parent\" data-id=\"7c60a99\" data-element_type=\"container\" data-e-type=\"container\">\n\t\t\t\t\t<div class=\"e-con-inner\">\n\t\t\t\t<div class=\"elementor-element elementor-element-58f557c elementor-widget elementor-widget-spacer\" data-id=\"58f557c\" data-element_type=\"widget\" data-e-type=\"widget\" data-widget_type=\"spacer.default\">\n\t\t\t\t<div class=\"elementor-widget-container\">\n\t\t\t\t\t\t\t<div class=\"elementor-spacer\">\n\t\t\t<div class=\"elementor-spacer-inner\"><\/div>\n\t\t<\/div>\n\t\t\t\t\t\t<\/div>\n\t\t\t\t<\/div>\n\t\t\t\t\t<\/div>\n\t\t\t\t<\/div>\n\t\t<div class=\"elementor-element elementor-element-1d3fcad e-flex e-con-boxed e-con e-parent\" data-id=\"1d3fcad\" data-element_type=\"container\" data-e-type=\"container\">\n\t\t\t\t\t<div class=\"e-con-inner\">\n\t\t\t\t<div class=\"elementor-element elementor-element-ffcdeb6 elementor-widget elementor-widget-text-editor\" data-id=\"ffcdeb6\" data-element_type=\"widget\" data-e-type=\"widget\" id=\"kontakt\" data-widget_type=\"text-editor.default\">\n\t\t\t\t<div class=\"elementor-widget-container\">\n\t\t\t\t\t\t\t\t\t<p style=\"text-align: center;\"><span style=\"color: #33cccc;\">Helgerud Maleservice holder til i Drammen, men har de siste \u00e5rene hatt hele Buskerud som arbeidsomr\u00e5de. <br \/>Vi har spesialisert oss i utend\u00f8rs malearbeid.<\/span><\/p><p style=\"text-align: center;\"><span style=\"color: #33cccc;\">Vi stiller opp med tilstrekkelig bemanning og gir v\u00e5re kunder det de krever av levering og kvalitet, samt sluttf\u00f8rer jobben til avtalt tid. <br \/>Forn\u00f8yde kunder er v\u00e5r beste reklame<\/span><\/p><p style=\"text-align: center;\"><span style=\"color: #33cccc;\"><strong>Ta kontakt for en gratis befaring<br \/><\/strong><\/span><span style=\"color: #33cccc;\">Jan R Helgerud<br \/><\/span><span style=\"color: #33cccc;\">Mobil: 90621028<\/span><\/p>\t\t\t\t\t\t\t\t<\/div>\n\t\t\t\t<\/div>\n\t\t\t\t\t<\/div>\n\t\t\t\t<\/div>\n\t\t<div class=\"elementor-element elementor-element-c8c9814 e-flex e-con-boxed e-con e-parent\" data-id=\"c8c9814\" data-element_type=\"container\" data-e-type=\"container\">\n\t\t\t\t\t<div class=\"e-con-inner\">\n\t\t\t\t<div class=\"elementor-element elementor-element-ae89df5 elementor-widget__width-initial elementor-hidden-desktop elementor-hidden-tablet elementor-hidden-mobile elementor-button-align-stretch elementor-widget elementor-widget-form\" data-id=\"ae89df5\" data-element_type=\"widget\" data-e-type=\"widget\" data-settings=\"{&quot;step_next_label&quot;:&quot;Next&quot;,&quot;step_previous_label&quot;:&quot;Previous&quot;,&quot;button_width&quot;:&quot;100&quot;,&quot;step_type&quot;:&quot;number_text&quot;,&quot;step_icon_shape&quot;:&quot;circle&quot;}\" data-widget_type=\"form.default\">\n\t\t\t\t<div class=\"elementor-widget-container\">\n\t\t\t\t\t\t\t<form class=\"elementor-form\" method=\"post\" name=\"Kontakt oss\" aria-label=\"Kontakt oss\">\n\t\t\t<input type=\"hidden\" name=\"post_id\" value=\"6\"\/>\n\t\t\t<input type=\"hidden\" name=\"form_id\" value=\"ae89df5\"\/>\n\t\t\t<input type=\"hidden\" name=\"referer_title\" value=\"\" \/>\n\n\t\t\t\t\t\t\t<input type=\"hidden\" name=\"queried_id\" value=\"6\"\/>\n\t\t\t\n\t\t\t<div class=\"elementor-form-fields-wrapper elementor-labels-above\">\n\t\t\t\t\t\t\t\t<div class=\"elementor-field-type-text elementor-field-group elementor-column elementor-field-group-name elementor-col-100\">\n\t\t\t\t\t\t\t\t\t\t\t\t<label for=\"form-field-name\" class=\"elementor-field-label\">\n\t\t\t\t\t\t\t\tNavn\t\t\t\t\t\t\t<\/label>\n\t\t\t\t\t\t\t\t\t\t\t\t\t\t<input size=\"1\" type=\"text\" name=\"form_fields[name]\" id=\"form-field-name\" class=\"elementor-field elementor-size-sm  elementor-field-textual\" placeholder=\"Navn\">\n\t\t\t\t\t\t\t\t\t\t\t<\/div>\n\t\t\t\t\t\t\t\t<div class=\"elementor-field-type-email elementor-field-group elementor-column elementor-field-group-email elementor-col-100 elementor-field-required\">\n\t\t\t\t\t\t\t\t\t\t\t\t<label for=\"form-field-email\" class=\"elementor-field-label\">\n\t\t\t\t\t\t\t\tEmail\t\t\t\t\t\t\t<\/label>\n\t\t\t\t\t\t\t\t\t\t\t\t\t\t<input size=\"1\" type=\"email\" name=\"form_fields[email]\" id=\"form-field-email\" class=\"elementor-field elementor-size-sm  elementor-field-textual\" placeholder=\"Email\" required=\"required\">\n\t\t\t\t\t\t\t\t\t\t\t<\/div>\n\t\t\t\t\t\t\t\t<div class=\"elementor-field-type-textarea elementor-field-group elementor-column elementor-field-group-melding elementor-col-100\">\n\t\t\t\t\t\t\t\t\t\t\t\t<label for=\"form-field-melding\" class=\"elementor-field-label\">\n\t\t\t\t\t\t\t\tMelding\t\t\t\t\t\t\t<\/label>\n\t\t\t\t\t\t<textarea class=\"elementor-field-textual elementor-field  elementor-size-sm\" name=\"form_fields[melding]\" id=\"form-field-melding\" rows=\"4\" placeholder=\"Melding\"><\/textarea>\t\t\t\t<\/div>\n\t\t\t\t\t\t\t\t<div class=\"elementor-field-group elementor-column elementor-field-type-submit elementor-col-100 e-form__buttons\">\n\t\t\t\t\t<button class=\"elementor-button elementor-size-sm\" type=\"submit\">\n\t\t\t\t\t\t<span class=\"elementor-button-content-wrapper\">\n\t\t\t\t\t\t\t\t\t\t\t\t\t\t\t\t\t\t\t\t\t\t<span class=\"elementor-button-text\">Send<\/span>\n\t\t\t\t\t\t\t\t\t\t\t\t\t<\/span>\n\t\t\t\t\t<\/button>\n\t\t\t\t<\/div>\n\t\t\t<\/div>\n\t\t<\/form>\n\t\t\t\t\t\t<\/div>\n\t\t\t\t<\/div>\n\t\t\t\t<div class=\"elementor-element elementor-element-a8d90d2 elementor-align-center elementor-widget elementor-widget-button\" data-id=\"a8d90d2\" data-element_type=\"widget\" data-e-type=\"widget\" data-widget_type=\"button.default\">\n\t\t\t\t<div class=\"elementor-widget-container\">\n\t\t\t\t\t\t\t\t\t<div class=\"elementor-button-wrapper\">\n\t\t\t\t\t<a class=\"elementor-button elementor-button-link elementor-size-lg\" href=\"mailto:janrogerhelgerud@hotmail.com?Subject=Kontakt%20fra%20hjemmesiden\">\n\t\t\t\t\t\t<span class=\"elementor-button-content-wrapper\">\n\t\t\t\t\t\t\t\t\t<span class=\"elementor-button-text\">Kontakt oss her<\/span>\n\t\t\t\t\t<\/span>\n\t\t\t\t\t<\/a>\n\t\t\t\t<\/div>\n\t\t\t\t\t\t\t\t<\/div>\n\t\t\t\t<\/div>\n\t\t\t\t\t<\/div>\n\t\t\t\t<\/div>\n\t\t<div class=\"elementor-element elementor-element-784aeab6 e-con-full e-flex e-con e-parent\" data-id=\"784aeab6\" data-element_type=\"container\" data-e-type=\"container\" data-settings=\"{&quot;background_background&quot;:&quot;classic&quot;}\">\n\t\t\t\t<div class=\"elementor-element elementor-element-4c711a50 elementor-widget__width-auto elementor-widget elementor-widget-heading\" data-id=\"4c711a50\" data-element_type=\"widget\" data-e-type=\"widget\" data-widget_type=\"heading.default\">\n\t\t\t\t<div class=\"elementor-widget-container\">\n\t\t\t\t\t<p class=\"elementor-heading-title elementor-size-default\">\u00a9 2023 med rettigheter.<\/p>\t\t\t\t<\/div>\n\t\t\t\t<\/div>\n\t\t\t\t<div class=\"elementor-element elementor-element-1ca61d7d e-grid-align-left elementor-widget__width-auto elementor-hidden-desktop elementor-hidden-tablet elementor-hidden-mobile elementor-shape-rounded elementor-grid-0 elementor-widget elementor-widget-social-icons\" data-id=\"1ca61d7d\" data-element_type=\"widget\" data-e-type=\"widget\" data-widget_type=\"social-icons.default\">\n\t\t\t\t<div class=\"elementor-widget-container\">\n\t\t\t\t\t\t\t<div class=\"elementor-social-icons-wrapper elementor-grid\" role=\"list\">\n\t\t\t\t\t\t\t<span class=\"elementor-grid-item\" role=\"listitem\">\n\t\t\t\t\t<a class=\"elementor-icon elementor-social-icon elementor-social-icon-facebook-f elementor-animation-float elementor-repeater-item-7d876ef\" target=\"_blank\">\n\t\t\t\t\t\t<span class=\"elementor-screen-only\">Facebook-f<\/span>\n\t\t\t\t\t\t<svg aria-hidden=\"true\" class=\"e-font-icon-svg e-fab-facebook-f\" viewBox=\"0 0 320 512\" xmlns=\"http:\/\/www.w3.org\/2000\/svg\"><path d=\"M279.14 288l14.22-92.66h-88.91v-60.13c0-25.35 12.42-50.06 52.24-50.06h40.42V6.26S260.43 0 225.36 0c-73.22 0-121.08 44.38-121.08 124.72v70.62H22.89V288h81.39v224h100.17V288z\"><\/path><\/svg>\t\t\t\t\t<\/a>\n\t\t\t\t<\/span>\n\t\t\t\t\t\t\t<span class=\"elementor-grid-item\" role=\"listitem\">\n\t\t\t\t\t<a class=\"elementor-icon elementor-social-icon elementor-social-icon- elementor-animation-float elementor-repeater-item-37a6fde\" target=\"_blank\">\n\t\t\t\t\t\t<span class=\"elementor-screen-only\"><\/span>\n\t\t\t\t\t\t\t\t\t\t\t<\/a>\n\t\t\t\t<\/span>\n\t\t\t\t\t<\/div>\n\t\t\t\t\t\t<\/div>\n\t\t\t\t<\/div>\n\t\t\t\t<\/div>\n\t\t\t\t<\/div>\n\t\t","protected":false},"excerpt":{"rendered":"<p>Helgerud Maleservice hjelper deg med malejobben Helgerud Maleservice holder til i Drammen, men har de siste \u00e5rene hatt hele Buskerud som arbeidsomr\u00e5de. Vi har spesialisert oss i utend\u00f8rs malearbeid. Vi stiller opp med tilstrekkelig bemanning og gir v\u00e5re kunder det de krever av levering og kvalitet, samt sluttf\u00f8rer jobben til avtalt tid. Forn\u00f8yde kunder er [&hellip;]<\/p>\n","protected":false},"author":1,"featured_media":0,"parent":0,"menu_order":0,"comment_status":"closed","ping_status":"closed","template":"","meta":{"footnotes":""},"class_list":["post-6","page","type-page","status-publish","hentry"],"_links":{"self":[{"href":"https:\/\/malekosten.no\/index.php\/wp-json\/wp\/v2\/pages\/6","targetHints":{"allow":["GET"]}}],"collection":[{"href":"https:\/\/malekosten.no\/index.php\/wp-json\/wp\/v2\/pages"}],"about":[{"href":"https:\/\/malekosten.no\/index.php\/wp-json\/wp\/v2\/types\/page"}],"author":[{"embeddable":true,"href":"https:\/\/malekosten.no\/index.php\/wp-json\/wp\/v2\/users\/1"}],"replies":[{"embeddable":true,"href":"https:\/\/malekosten.no\/index.php\/wp-json\/wp\/v2\/comments?post=6"}],"version-history":[{"count":125,"href":"https:\/\/malekosten.no\/index.php\/wp-json\/wp\/v2\/pages\/6\/revisions"}],"predecessor-version":[{"id":213,"href":"https:\/\/malekosten.no\/index.php\/wp-json\/wp\/v2\/pages\/6\/revisions\/213"}],"wp:attachment":[{"href":"https:\/\/malekosten.no\/index.php\/wp-json\/wp\/v2\/media?parent=6"}],"curies":[{"name":"wp","href":"https:\/\/api.w.org\/{rel}","templated":true}]}}